{"id":19,"date":"2024-01-16T10:59:10","date_gmt":"2024-01-16T10:59:10","guid":{"rendered":"https:\/\/www.fruechte-preussner.de\/wordpress\/?page_id=19"},"modified":"2024-04-29T11:30:16","modified_gmt":"2024-04-29T11:30:16","slug":"wir-ueber-uns","status":"publish","type":"page","link":"https:\/\/www.fruechte-preussner.de\/index.php\/wir-ueber-uns\/","title":{"rendered":"Wir \u00fcber uns"},"content":{"rendered":"\n<p>Unser Familienbetrieb besteht seit 1955 und wird nun in der 3. Generation von Manfred Preu\u00dfner gef\u00fchrt. Seit etwa 60 Jahren beliefern wir Wiederverk\u00e4ufer, Restaurantbetriebe und Krankenh\u00e4user mit frischem Obst und Gem\u00fcse. Unser Ziel ist es, Ihnen stets Qualit\u00e4t, Frische und exzellenten Service zu bieten. In den letzten Jahren haben wir uns besonders auf die Gastronomie spezialisiert und sind somit in der Lage, s\u00e4mtliche Kundenw\u00fcnsche zu erf\u00fcllen.<\/p>\n\n\n\n<figure class=\"wp-block-image size-full is-resized is-style-default\"><img loading=\"lazy\" decoding=\"async\" width=\"540\" height=\"348\" src=\"https:\/\/www.fruechte-preussner.de\/wp-content\/uploads\/2024\/01\/Fruechte_Preussner_01.jpg\" alt=\"\" class=\"wp-image-20\" style=\"width:650px;height:419px\" srcset=\"https:\/\/www.fruechte-preussner.de\/wp-content\/uploads\/2024\/01\/Fruechte_Preussner_01.jpg 540w, https:\/\/www.fruechte-preussner.de\/wp-content\/uploads\/2024\/01\/Fruechte_Preussner_01-300x193.jpg 300w\" sizes=\"auto, (max-width: 540px) 100vw, 540px\" \/><\/figure>\n\n\n\n<ul class=\"wp-block-list\">\n<li>Als Ihr kompetenter Obst- und Gem\u00fcselieferant, erhalten Sie bei uns Ihre gew\u00fcnschte Ware t\u00e4glich taufrisch geliefert<\/li>\n\n\n\n<li>Sie haben einen besonderen Wunsch? Exoten, ausgefallene Produkte? Teilen Sie uns einfach mit, was Sie m\u00f6chten und wir k\u00fcmmern uns darum!<\/li>\n\n\n\n<li>Unser gro\u00dfes Plus: Wir begutachten und kaufen die Ware pers\u00f6nlich am Gro\u00dfmarkt. Anschliessend verladen wir die Ware selbst auf unseren eigenen K\u00fchl-LKW und bringen die Ware nach Regensburg.<br>Dadurch k\u00f6nnen wir f\u00fcr die&nbsp;<strong>professionelle&nbsp;<\/strong>Abwicklung und erforderliche Pflege im Umgang mit den sensiblen Waren garantieren.<\/li>\n\n\n\n<li>Gleiches gilt bei der Auslieferung: Unsere erfahrenen und geschulten Mitarbeiter, die schon seit vielen Jahren bei uns t\u00e4tig sind, bringen die hochwertigen Produkte im eigenen Thermo-LKW sicher und stets freundlich zu Ihnen.<\/li>\n\n\n\n<li>Da bei unseren Transportwegen die K\u00fchlkette nicht unterbrochen wird, k\u00f6nnen Sie stets mit der optimalen Qualit\u00e4t Ihrer bestellten Produkte rechnen.<\/li>\n\n\n\n<li>Testen Sie unsere Zuverl\u00e4ssigkeit &#8211; Wir freuen uns auf Ihren Anruf!<\/li>\n<\/ul>\n","protected":false},"excerpt":{"rendered":"<p>Unser Familienbetrieb besteht seit 1955 und wird nun in der 3. Generation von Manfred Preu\u00dfner gef\u00fchrt. Seit etwa 60 Jahren beliefern wir Wiederverk\u00e4ufer, Restaurantbetriebe und Krankenh\u00e4user mit frischem Obst und Gem\u00fcse. Unser Ziel ist es, Ihnen stets Qualit\u00e4t, Frische und exzellenten Service zu bieten. In den letzten Jahren haben wir uns besonders auf die Gastronomie [&hellip;]<\/p>\n","protected":false},"author":1,"featured_media":0,"parent":0,"menu_order":0,"comment_status":"closed","ping_status":"closed","template":"","meta":{"ngg_post_thumbnail":0,"footnotes":""},"class_list":["post-19","page","type-page","status-publish","hentry"],"_links":{"self":[{"href":"https:\/\/www.fruechte-preussner.de\/index.php\/wp-json\/wp\/v2\/pages\/19","targetHints":{"allow":["GET"]}}],"collection":[{"href":"https:\/\/www.fruechte-preussner.de\/index.php\/wp-json\/wp\/v2\/pages"}],"about":[{"href":"https:\/\/www.fruechte-preussner.de\/index.php\/wp-json\/wp\/v2\/types\/page"}],"author":[{"embeddable":true,"href":"https:\/\/www.fruechte-preussner.de\/index.php\/wp-json\/wp\/v2\/users\/1"}],"replies":[{"embeddable":true,"href":"https:\/\/www.fruechte-preussner.de\/index.php\/wp-json\/wp\/v2\/comments?post=19"}],"version-history":[{"count":6,"href":"https:\/\/www.fruechte-preussner.de\/index.php\/wp-json\/wp\/v2\/pages\/19\/revisions"}],"predecessor-version":[{"id":171,"href":"https:\/\/www.fruechte-preussner.de\/index.php\/wp-json\/wp\/v2\/pages\/19\/revisions\/171"}],"wp:attachment":[{"href":"https:\/\/www.fruechte-preussner.de\/index.php\/wp-json\/wp\/v2\/media?parent=19"}],"curies":[{"name":"wp","href":"https:\/\/api.w.org\/{rel}","templated":true}]}}