{"id":22,"date":"2024-01-16T11:05:02","date_gmt":"2024-01-16T11:05:02","guid":{"rendered":"https:\/\/www.fruechte-preussner.de\/wordpress\/?page_id=22"},"modified":"2024-02-08T16:16:37","modified_gmt":"2024-02-08T16:16:37","slug":"ansprechpartner","status":"publish","type":"page","link":"https:\/\/www.fruechte-preussner.de\/index.php\/ansprechpartner\/","title":{"rendered":""},"content":{"rendered":"\n<h2 class=\"wp-block-heading\">Ansprechpartner<\/h2>\n\n\n\n<p>Sie m\u00f6chten uns gerne kennenlernen? Weitere Informationen zu den t\u00e4glichen Bestell- und Lieferm\u00f6glichkeiten erfahren? Die jahrelange Praxis hat gezeigt, dass wir mit dem Telefon am schnellsten auf die W\u00fcnsche unserer Kunden eingehen k\u00f6nnen. Dabei informieren wir Sie gerne \u00fcber unsere tagesaktuellen Angebote. Nutzen Sie bitte das Telefon und rufen Sie uns an.<\/p>\n\n\n\n<div class=\"wp-block-columns is-layout-flex wp-container-core-columns-is-layout-28f84493 wp-block-columns-is-layout-flex\">\n<div class=\"wp-block-column is-layout-flow wp-block-column-is-layout-flow\">\n<figure class=\"wp-block-image size-full\"><img loading=\"lazy\" decoding=\"async\" width=\"100\" height=\"160\" src=\"https:\/\/www.fruechte-preussner.de\/wp-content\/uploads\/2024\/01\/Heinz_Preussner.jpg\" alt=\"\" class=\"wp-image-23\"\/><\/figure>\n\n\n\n<p><strong>Heinz Preussner<\/strong><br>Tel.: <strong>0941 81246<\/strong><br>Fax: 0941 891691 <\/p>\n<\/div>\n\n\n\n<div class=\"wp-block-column is-layout-flow wp-block-column-is-layout-flow\">\n<figure class=\"wp-block-image size-full\"><img loading=\"lazy\" decoding=\"async\" width=\"100\" height=\"160\" src=\"https:\/\/www.fruechte-preussner.de\/wp-content\/uploads\/2024\/01\/Manfred_Preussner.jpg\" alt=\"\" class=\"wp-image-25\"\/><\/figure>\n\n\n\n<p><strong>Manfred Preussner<\/strong><br>Tel.: <strong>0941 81246<\/strong><br>Fax: 0941 891691<\/p>\n<\/div>\n<\/div>\n\n\n\n<p><strong>Hier k\u00f6nnen sie uns unkompliziert eine Anfrage per Mail senden.<\/strong><\/p>\n\n\n\n<div class=\"wp-block-contact-form-7-contact-form-selector\">\n<div class=\"wpcf7 no-js\" id=\"wpcf7-f97-o1\" lang=\"de-DE\" dir=\"ltr\" data-wpcf7-id=\"97\">\n<div class=\"screen-reader-response\"><p role=\"status\" aria-live=\"polite\" aria-atomic=\"true\"><\/p> <ul><\/ul><\/div>\n<form action=\"\/index.php\/wp-json\/wp\/v2\/pages\/22#wpcf7-f97-o1\" method=\"post\" class=\"wpcf7-form init\" aria-label=\"Kontaktformular\" novalidate=\"novalidate\" data-status=\"init\">\n<fieldset class=\"hidden-fields-container\"><input type=\"hidden\" name=\"_wpcf7\" value=\"97\" \/><input type=\"hidden\" name=\"_wpcf7_version\" value=\"6.1.5\" \/><input type=\"hidden\" name=\"_wpcf7_locale\" value=\"de_DE\" \/><input type=\"hidden\" name=\"_wpcf7_unit_tag\" value=\"wpcf7-f97-o1\" \/><input type=\"hidden\" name=\"_wpcf7_container_post\" value=\"0\" \/><input type=\"hidden\" name=\"_wpcf7_posted_data_hash\" value=\"\" \/><input type=\"hidden\" name=\"_wpcf7_recaptcha_response\" value=\"\" \/>\n<\/fieldset>\n<p><label> Name<br \/>\n<span class=\"wpcf7-form-control-wrap\" data-name=\"your-name\"><input size=\"40\" maxlength=\"400\" class=\"wpcf7-form-control wpcf7-text wpcf7-validates-as-required\" autocomplete=\"name\" aria-required=\"true\" aria-invalid=\"false\" value=\"\" type=\"text\" name=\"your-name\" \/><\/span> <\/label>\n<\/p>\n<p><label> E-Mail-Adresse<br \/>\n<span class=\"wpcf7-form-control-wrap\" data-name=\"your-email\"><input size=\"40\" maxlength=\"400\" class=\"wpcf7-form-control wpcf7-email wpcf7-validates-as-required wpcf7-text wpcf7-validates-as-email\" autocomplete=\"email\" aria-required=\"true\" aria-invalid=\"false\" value=\"\" type=\"email\" name=\"your-email\" \/><\/span> <\/label>\n<\/p>\n<p><label> Betreff<br \/>\n<span class=\"wpcf7-form-control-wrap\" data-name=\"your-subject\"><input size=\"40\" maxlength=\"400\" class=\"wpcf7-form-control wpcf7-text wpcf7-validates-as-required\" aria-required=\"true\" aria-invalid=\"false\" value=\"\" type=\"text\" name=\"your-subject\" \/><\/span> <\/label>\n<\/p>\n<p><label> Nachricht (optional)<br \/>\n<span class=\"wpcf7-form-control-wrap\" data-name=\"your-message\"><textarea cols=\"40\" rows=\"10\" maxlength=\"2000\" class=\"wpcf7-form-control wpcf7-textarea\" aria-invalid=\"false\" name=\"your-message\"><\/textarea><\/span> <\/label>\n<\/p>\n<p><input class=\"wpcf7-form-control wpcf7-submit has-spinner\" type=\"submit\" value=\"Senden\" \/>\n<\/p><p style=\"display: none !important;\" class=\"akismet-fields-container\" data-prefix=\"_wpcf7_ak_\"><label>&#916;<textarea name=\"_wpcf7_ak_hp_textarea\" cols=\"45\" rows=\"8\" maxlength=\"100\"><\/textarea><\/label><input type=\"hidden\" id=\"ak_js_1\" name=\"_wpcf7_ak_js\" value=\"192\"\/><script>document.getElementById( \"ak_js_1\" ).setAttribute( \"value\", ( new Date() ).getTime() );<\/script><\/p><div class=\"wpcf7-response-output\" aria-hidden=\"true\"><\/div>\n<\/form>\n<\/div>\n<\/div>\n","protected":false},"excerpt":{"rendered":"<p>Ansprechpartner Sie m\u00f6chten uns gerne kennenlernen? Weitere Informationen zu den t\u00e4glichen Bestell- und Lieferm\u00f6glichkeiten erfahren? Die jahrelange Praxis hat gezeigt, dass wir mit dem Telefon am schnellsten auf die W\u00fcnsche unserer Kunden eingehen k\u00f6nnen. Dabei informieren wir Sie gerne \u00fcber unsere tagesaktuellen Angebote. Nutzen Sie bitte das Telefon und rufen Sie uns an. Heinz PreussnerTel.: [&hellip;]<\/p>\n","protected":false},"author":1,"featured_media":0,"parent":0,"menu_order":0,"comment_status":"closed","ping_status":"closed","template":"","meta":{"ngg_post_thumbnail":0,"footnotes":""},"class_list":["post-22","page","type-page","status-publish","hentry"],"_links":{"self":[{"href":"https:\/\/www.fruechte-preussner.de\/index.php\/wp-json\/wp\/v2\/pages\/22","targetHints":{"allow":["GET"]}}],"collection":[{"href":"https:\/\/www.fruechte-preussner.de\/index.php\/wp-json\/wp\/v2\/pages"}],"about":[{"href":"https:\/\/www.fruechte-preussner.de\/index.php\/wp-json\/wp\/v2\/types\/page"}],"author":[{"embeddable":true,"href":"https:\/\/www.fruechte-preussner.de\/index.php\/wp-json\/wp\/v2\/users\/1"}],"replies":[{"embeddable":true,"href":"https:\/\/www.fruechte-preussner.de\/index.php\/wp-json\/wp\/v2\/comments?post=22"}],"version-history":[{"count":6,"href":"https:\/\/www.fruechte-preussner.de\/index.php\/wp-json\/wp\/v2\/pages\/22\/revisions"}],"predecessor-version":[{"id":139,"href":"https:\/\/www.fruechte-preussner.de\/index.php\/wp-json\/wp\/v2\/pages\/22\/revisions\/139"}],"wp:attachment":[{"href":"https:\/\/www.fruechte-preussner.de\/index.php\/wp-json\/wp\/v2\/media?parent=22"}],"curies":[{"name":"wp","href":"https:\/\/api.w.org\/{rel}","templated":true}]}}